{"id":1060,"date":"2022-08-16T17:50:44","date_gmt":"2022-08-16T17:50:44","guid":{"rendered":"http:\/\/176.78.29.235\/wordpress\/?page_id=1060"},"modified":"2022-09-21T19:30:53","modified_gmt":"2022-09-21T19:30:53","slug":"home","status":"publish","type":"page","link":"https:\/\/cmataexport.com\/en\/home\/","title":{"rendered":"Casa"},"content":{"rendered":"<div id=\"pl-1060\"  class=\"panel-layout\" ><div id=\"pg-1060-0\"  class=\"panel-grid panel-has-style\" ><div class=\"siteorigin-panels-stretch panel-row-style panel-row-style-for-1060-0\" data-stretch-type=\"full-stretched\" ><div id=\"pgc-1060-0-0\"  class=\"panel-grid-cell\" ><div id=\"panel-1060-0-0-0\" class=\"so-panel widget widget_media_video panel-first-child panel-last-child\" data-index=\"0\" ><div style=\"width:100%;\" class=\"wp-video\"><video class=\"wp-video-shortcode\" id=\"video-1060-1\" preload=\"metadata\" controls=\"controls\"><source type=\"video\/mp4\" src=\"https:\/\/cmataexport.com\/wp-content\/uploads\/2022\/09\/website-Final-Pt.mp4?_=1\" \/><source type=\"video\/mp4\" src=\"http:\/\/cmataexport.com\/wp-content\/uploads\/2022\/09\/website-Final-Pt.mp4?_=1\" \/><a href=\"https:\/\/cmataexport.com\/wp-content\/uploads\/2022\/09\/website-Final-Pt.mp4\">https:\/\/cmataexport.com\/wp-content\/uploads\/2022\/09\/website-Final-Pt.mp4<\/a><\/video><\/div><\/div><\/div><\/div><\/div><div id=\"pg-1060-1\"  class=\"panel-grid panel-has-style\" ><div class=\"panel-row-style panel-row-style-for-1060-1\" ><div id=\"pgc-1060-1-0\"  class=\"panel-grid-cell\" ><div id=\"panel-1060-1-0-0\" class=\"so-panel widget widget_themegrill_flash_service tg-widget tg-single-service panel-first-child panel-last-child\" data-index=\"1\" >\n<div class=\"tg-service-widget tg-service-layout-1\">\n\t<div class=\"service-wrapper\">\n\t\t<div class=\"service-icon-title-wrapper clearfix\">\n\t\t\t\t\t\t<div class=\"service-icon-wrap\"><i class=\"fa fa-eye\"><\/i><\/div>\n\t\t\t\t\t\t\t\t\t\t\t\t<h3 class=\"service-title-wrap\">\n\t\t\t\tControlo de Qualidade\t\t\t\t\t\t\t<\/h3>\n\t\t\t\t\t<\/div>\n\t\t\t\t<div class=\"service-content-wrap\">Todo o material \u00e9 devidamente inspecionado e revisado pela nossa equipa de qualidade antes da entrega ao cliente.<\/div>\n\t\t\t\t\t<\/div>\n<\/div>\n<\/div><\/div><div id=\"pgc-1060-1-1\"  class=\"panel-grid-cell\" ><div id=\"panel-1060-1-1-0\" class=\"so-panel widget widget_themegrill_flash_service tg-widget tg-single-service panel-first-child panel-last-child\" data-index=\"2\" >\n<div class=\"tg-service-widget tg-service-layout-1\">\n\t<div class=\"service-wrapper\">\n\t\t<div class=\"service-icon-title-wrapper clearfix\">\n\t\t\t\t\t\t<div class=\"service-icon-wrap\"><i class=\"fa fa-support\"><\/i><\/div>\n\t\t\t\t\t\t\t\t\t\t\t\t<h3 class=\"service-title-wrap\">\n\t\t\t\tSuporte\t\t\t\t\t\t\t<\/h3>\n\t\t\t\t\t<\/div>\n\t\t\t\t<div class=\"service-content-wrap\">Dispomos tamb\u00e9m de uma equipa especializada em documenta\u00e7\u00e3o de exporta\u00e7\u00e3o e contratos com os principais armadores a agentes de exporta\u00e7\u00e3o para poder apoiar os nossos clientes durante todo o processo de compra.<\/div>\n\t\t\t\t\t<\/div>\n<\/div>\n<\/div><\/div><div id=\"pgc-1060-1-2\"  class=\"panel-grid-cell\" ><div id=\"panel-1060-1-2-0\" class=\"so-panel widget widget_themegrill_flash_service tg-widget tg-single-service panel-first-child panel-last-child\" data-index=\"3\" >\n<div class=\"tg-service-widget tg-service-layout-1\">\n\t<div class=\"service-wrapper\">\n\t\t<div class=\"service-icon-title-wrapper clearfix\">\n\t\t\t\t\t\t<div class=\"service-icon-wrap\"><i class=\"fa fa-dropbox\"><\/i><\/div>\n\t\t\t\t\t\t\t\t\t\t\t\t<h3 class=\"service-title-wrap\">\n\t\t\t\tQualidade de Entrega\t\t\t\t\t\t\t<\/h3>\n\t\t\t\t\t<\/div>\n\t\t\t\t<div class=\"service-content-wrap\">As nossas embalagens s\u00e3o feitas com madeira certificada de alta qualidade e obedecem \u00e0s regras internacionais.<\/div>\n\t\t\t\t\t<\/div>\n<\/div>\n<\/div><\/div><\/div><\/div><div id=\"pg-1060-2\"  class=\"panel-grid panel-has-style\" ><div class=\"siteorigin-panels-stretch panel-row-style panel-row-style-for-1060-2\" data-siteorigin-parallax=\"{&quot;backgroundUrl&quot;:&quot;https:\\\/\\\/cmataexport.com\\\/wp-content\\\/uploads\\\/2022\\\/07\\\/sr-acabamentos1-edited.jpg&quot;,&quot;backgroundSize&quot;:[850,567],&quot;backgroundSizing&quot;:&quot;scaled&quot;,&quot;limitMotion&quot;:&quot;auto&quot;}\" data-stretch-type=\"full\" ><div id=\"pgc-1060-2-0\"  class=\"panel-grid-cell\" ><div id=\"panel-1060-2-0-0\" class=\"so-panel widget widget_themegrill_flash_counter tg-widget tg-single-counter panel-first-child panel-last-child\" data-index=\"4\" ><div class=\"panel-widget-style panel-widget-style-for-1060-2-0-0\" ><div class=\"fun-facts-section\">\n\t<div class=\"tg-fun-facts-widget tg-fun-facts-layout-1\">\n\t\t<div class=\"fun-facts-wrapper\">\n\t\t\t\t\t\t<span class=\"fun-facts-icon-wrap\"><i class=\"fa fa-eye\"><\/i><\/span>\n\t\t\t\t\t\t\t\t\t<span class=\"counter-wrapper\"><span class=\"counter\">4500<\/span><i class=\"fa fa-plus\"><\/i><\/span>\n\t\t\t\t\t\t\t\t\t<h3 class=\"fun-facts-title-wrap\">Produtos verificados e enviados<\/h3>\n\t\t\t\t\t<\/div>\n\t<\/div>\n<\/div>\n<\/div><\/div><\/div><div id=\"pgc-1060-2-1\"  class=\"panel-grid-cell\" ><div id=\"panel-1060-2-1-0\" class=\"so-panel widget widget_themegrill_flash_counter tg-widget tg-single-counter panel-first-child panel-last-child\" data-index=\"5\" ><div class=\"panel-widget-style panel-widget-style-for-1060-2-1-0\" ><div class=\"fun-facts-section\">\n\t<div class=\"tg-fun-facts-widget tg-fun-facts-layout-1\">\n\t\t<div class=\"fun-facts-wrapper\">\n\t\t\t\t\t\t<span class=\"fun-facts-icon-wrap\"><i class=\"fa fa-hand-paper-o\"><\/i><\/span>\n\t\t\t\t\t\t\t\t\t<span class=\"counter-wrapper\"><span class=\"counter\">8300<\/span><i class=\"fa fa-plus\"><\/i><\/span>\n\t\t\t\t\t\t\t\t\t<h3 class=\"fun-facts-title-wrap\">Solicitacoes de material<\/h3>\n\t\t\t\t\t<\/div>\n\t<\/div>\n<\/div>\n<\/div><\/div><\/div><div id=\"pgc-1060-2-2\"  class=\"panel-grid-cell\" ><div id=\"panel-1060-2-2-0\" class=\"so-panel widget widget_themegrill_flash_counter tg-widget tg-single-counter panel-first-child panel-last-child\" data-index=\"6\" ><div class=\"panel-widget-style panel-widget-style-for-1060-2-2-0\" ><div class=\"fun-facts-section\">\n\t<div class=\"tg-fun-facts-widget tg-fun-facts-layout-1\">\n\t\t<div class=\"fun-facts-wrapper\">\n\t\t\t\t\t\t<span class=\"fun-facts-icon-wrap\"><i class=\"fa fa-id-card\"><\/i><\/span>\n\t\t\t\t\t\t\t\t\t<span class=\"counter-wrapper\"><span class=\"counter\">87<\/span><i class=\"fa fa-plus\"><\/i><\/span>\n\t\t\t\t\t\t\t\t\t<h3 class=\"fun-facts-title-wrap\">Operarios<\/h3>\n\t\t\t\t\t<\/div>\n\t<\/div>\n<\/div>\n<\/div><\/div><\/div><div id=\"pgc-1060-2-3\"  class=\"panel-grid-cell\" ><div id=\"panel-1060-2-3-0\" class=\"so-panel widget widget_themegrill_flash_counter tg-widget tg-single-counter panel-first-child panel-last-child\" data-index=\"7\" ><div class=\"panel-widget-style panel-widget-style-for-1060-2-3-0\" ><div class=\"fun-facts-section\">\n\t<div class=\"tg-fun-facts-widget tg-fun-facts-layout-1\">\n\t\t<div class=\"fun-facts-wrapper\">\n\t\t\t\t\t\t<span class=\"fun-facts-icon-wrap\"><i class=\"fa fa-handshake-o\"><\/i><\/span>\n\t\t\t\t\t\t\t\t\t<span class=\"counter-wrapper\"><span class=\"counter\">300<\/span><i class=\"fa fa-plus\"><\/i><\/span>\n\t\t\t\t\t\t\t\t\t<h3 class=\"fun-facts-title-wrap\">Contrucoes Fornecidas<\/h3>\n\t\t\t\t\t<\/div>\n\t<\/div>\n<\/div>\n<\/div><\/div><\/div><\/div><\/div><div id=\"pg-1060-3\"  class=\"panel-grid panel-has-style\" ><div class=\"siteorigin-panels-stretch panel-row-style panel-row-style-for-1060-3\" data-stretch-type=\"full\" ><div id=\"pgc-1060-3-0\"  class=\"panel-grid-cell\" ><div id=\"panel-1060-3-0-0\" class=\"so-panel widget widget_themegrill_flash_heading tg-widget section-title-wrapper panel-first-child\" data-index=\"8\" >\t<h3 class=\"section-title\">Catalog<\/h3>\n\t<div class=\"section-description\">Amostras de qualidade da materia prima<\/div>\n<\/div><div id=\"panel-1060-3-0-1\" class=\"so-panel widget widget_themegrill_flash_portfolio tg-section feature-product-section panel-last-child\" data-index=\"9\" ><div class=\"panel-widget-style panel-widget-style-for-1060-3-0-1\" ><div class=\"tg-feature-product-layout-3 tg-feature-product-filter-layout\"><div class=\"tg-container\"><div class=\"grid\"><div class=\"tg-column-wrapper\"><div class=\"tg-feature-product-widget element-item uxdesign tg-column-4 portfolio \" data-category=\"portfolio \"><figure><img loading=\"lazy\" decoding=\"async\" width=\"455\" height=\"453\" src=\"https:\/\/cmataexport.com\/wp-content\/uploads\/2017\/01\/Ocean-Blue.png\" class=\"attachment-full size-full\" alt=\"\" srcset=\"https:\/\/cmataexport.com\/wp-content\/uploads\/2017\/01\/Ocean-Blue.png 455w, https:\/\/cmataexport.com\/wp-content\/uploads\/2017\/01\/Ocean-Blue-300x300.png 300w, https:\/\/cmataexport.com\/wp-content\/uploads\/2017\/01\/Ocean-Blue-150x150.png 150w\" sizes=\"auto, (max-width: 455px) 100vw, 455px\" \/><\/figure><div class=\"featured-image-desc\"><span><a href=\"https:\/\/cmataexport.com\/en\/catalogo\/ocean-blue\/\"><i class=\"fa fa-plus\"><\/i><\/a><\/span><div class=\"feature-inner-block\"><h3 class=\"feature-title-wrap\"><a href=\"https:\/\/cmataexport.com\/en\/catalogo\/ocean-blue\/\">Ocean Blue<\/a><\/h3><h4 class=\"feature-desc-wrap\">FINISHES APPARENT DENSITY 2630 KG\/M3 WATER ABSORPTION (%) 3.60% OPEN POROSITY (%) 1.70% FLEXURAL STRENGTH 14.9MPA COMPRESSION RESISTANCE 51.9MPA ABRASION [&hellip;]<\/h4><\/div><\/div><\/div><div class=\"tg-feature-product-widget element-item uxdesign tg-column-4 portfolio \" data-category=\"portfolio \"><figure><img loading=\"lazy\" decoding=\"async\" width=\"440\" height=\"344\" src=\"https:\/\/cmataexport.com\/wp-content\/uploads\/2017\/01\/Cabeca-veada-CV0.jpg\" class=\"attachment-full size-full wp-post-image\" alt=\"\" \/><\/figure><div class=\"featured-image-desc\"><span><a href=\"https:\/\/cmataexport.com\/en\/catalogo\/cabeca-veada-cv0\/\"><i class=\"fa fa-plus\"><\/i><\/a><\/span><div class=\"feature-inner-block\"><h3 class=\"feature-title-wrap\"><a href=\"https:\/\/cmataexport.com\/en\/catalogo\/cabeca-veada-cv0\/\">Beige CM Fine Grain<\/a><\/h3><h4 class=\"feature-desc-wrap\">FINISHES APPARENTLY DENSITY 2450 KG\/M3 WATER ABSORPTION (%) 3.10% OPEN POROSITY (%) 7.70% MECHANICAL RESISTANCE TO BENDING 11.4MPA MECHANICAL RESISTANCE [&hellip;]<\/h4><\/div><\/div><\/div><div class=\"tg-feature-product-widget element-item uxdesign tg-column-4 portfolio \" data-category=\"portfolio \"><figure><img loading=\"lazy\" decoding=\"async\" width=\"440\" height=\"344\" src=\"https:\/\/cmataexport.com\/wp-content\/uploads\/2022\/09\/ROSAL-BEIGE-MM-WALL.jpg\" class=\"attachment-full size-full wp-post-image\" alt=\"\" srcset=\"https:\/\/cmataexport.com\/wp-content\/uploads\/2022\/09\/ROSAL-BEIGE-MM-WALL.jpg 440w, https:\/\/cmataexport.com\/wp-content\/uploads\/2022\/09\/ROSAL-BEIGE-MM-WALL-300x235.jpg 300w\" sizes=\"auto, (max-width: 440px) 100vw, 440px\" \/><\/figure><div class=\"featured-image-desc\"><span><a href=\"https:\/\/cmataexport.com\/en\/catalogo\/rosal-beige-mm\/\"><i class=\"fa fa-plus\"><\/i><\/a><\/span><div class=\"feature-inner-block\"><h3 class=\"feature-title-wrap\"><a href=\"https:\/\/cmataexport.com\/en\/catalogo\/rosal-beige-mm\/\">Moca Medium grain cross-cut<\/a><\/h3><h4 class=\"feature-desc-wrap\">APPARENTLY DENSITY 2436 KG\/M3 WATER ABSORPTION (%) 1.8% OPEN POROSITY (%) 4.4% MECHANICAL RESISTANCE TO BENDING 6.3 MPA MECHANICAL RESISTANCE [&hellip;]<\/h4><\/div><\/div><\/div><div class=\"tg-feature-product-widget element-item uxdesign tg-column-4 portfolio \" data-category=\"portfolio \"><figure><img loading=\"lazy\" decoding=\"async\" width=\"440\" height=\"344\" src=\"https:\/\/cmataexport.com\/wp-content\/uploads\/2022\/09\/MOCA-CREAM-M3-WALL.jpg\" class=\"attachment-full size-full wp-post-image\" alt=\"\" srcset=\"https:\/\/cmataexport.com\/wp-content\/uploads\/2022\/09\/MOCA-CREAM-M3-WALL.jpg 440w, https:\/\/cmataexport.com\/wp-content\/uploads\/2022\/09\/MOCA-CREAM-M3-WALL-300x235.jpg 300w\" sizes=\"auto, (max-width: 440px) 100vw, 440px\" \/><\/figure><div class=\"featured-image-desc\"><span><a href=\"https:\/\/cmataexport.com\/en\/catalogo\/moca-cream-m3\/\"><i class=\"fa fa-plus\"><\/i><\/a><\/span><div class=\"feature-inner-block\"><h3 class=\"feature-title-wrap\"><a href=\"https:\/\/cmataexport.com\/en\/catalogo\/moca-cream-m3\/\">Moca Cream Classic<\/a><\/h3><h4 class=\"feature-desc-wrap\">FINISHES APPARENT DENSITY 2363 KG\/M3 WATER ABSORPTION (%) 1.80% OPEN POROSITY (%) 4.40% FLEXURAL STRENGTH 6.3MPA COMPRESSION RESISTANCE 55MPA ABRASION [&hellip;]<\/h4><\/div><\/div><\/div><div class=\"tg-feature-product-widget element-item uxdesign tg-column-4 portfolio \" data-category=\"portfolio \"><figure><img loading=\"lazy\" decoding=\"async\" width=\"440\" height=\"344\" src=\"https:\/\/cmataexport.com\/wp-content\/uploads\/2022\/09\/ROSAL-BEIGE-MF-wall.jpg\" class=\"attachment-full size-full wp-post-image\" alt=\"\" srcset=\"https:\/\/cmataexport.com\/wp-content\/uploads\/2022\/09\/ROSAL-BEIGE-MF-wall.jpg 440w, https:\/\/cmataexport.com\/wp-content\/uploads\/2022\/09\/ROSAL-BEIGE-MF-wall-300x235.jpg 300w\" sizes=\"auto, (max-width: 440px) 100vw, 440px\" \/><\/figure><div class=\"featured-image-desc\"><span><a href=\"https:\/\/cmataexport.com\/en\/catalogo\/rosal-beige-mf\/\"><i class=\"fa fa-plus\"><\/i><\/a><\/span><div class=\"feature-inner-block\"><h3 class=\"feature-title-wrap\"><a href=\"https:\/\/cmataexport.com\/en\/catalogo\/rosal-beige-mf\/\">Cream Casais<\/a><\/h3><h4 class=\"feature-desc-wrap\">FINISHES APPARENT DENSITY 2363 KG\/M3 WATER ABSORPTION (%) 3.60% OPEN POROSITY (%) 10% FLEXURAL STRENGTH 12.5MPA COMPRESSION RESISTANCE 62.3MPA ABRASION [&hellip;]<\/h4><\/div><\/div><\/div><div class=\"tg-feature-product-widget element-item uxdesign tg-column-4 portfolio \" data-category=\"portfolio \"><figure><img loading=\"lazy\" decoding=\"async\" width=\"440\" height=\"344\" src=\"https:\/\/cmataexport.com\/wp-content\/uploads\/2022\/09\/ROSAL-BEIGE-FF-wall.jpg\" class=\"attachment-full size-full wp-post-image\" alt=\"\" srcset=\"https:\/\/cmataexport.com\/wp-content\/uploads\/2022\/09\/ROSAL-BEIGE-FF-wall.jpg 440w, https:\/\/cmataexport.com\/wp-content\/uploads\/2022\/09\/ROSAL-BEIGE-FF-wall-300x235.jpg 300w\" sizes=\"auto, (max-width: 440px) 100vw, 440px\" \/><\/figure><div class=\"featured-image-desc\"><span><a href=\"https:\/\/cmataexport.com\/en\/catalogo\/rosal-beige-ff\/\"><i class=\"fa fa-plus\"><\/i><\/a><\/span><div class=\"feature-inner-block\"><h3 class=\"feature-title-wrap\"><a href=\"https:\/\/cmataexport.com\/en\/catalogo\/rosal-beige-ff\/\">Relvinha cross-cut<\/a><\/h3><h4 class=\"feature-desc-wrap\">FINISHES APPARENT DENSITY 2327 KG\/M3 WATER ABSORPTION (%) 1.51% OPEN POROSITY (%) 3.5% FLEXURAL STRENGTH 9.12MPA COMPRESSION RESISTANCE 25.98MPA ABRASION [&hellip;]<\/h4><\/div><\/div><\/div><div class=\"tg-feature-product-widget element-item uxdesign tg-column-4 portfolio \" data-category=\"portfolio \"><figure><img loading=\"lazy\" decoding=\"async\" width=\"440\" height=\"344\" src=\"https:\/\/cmataexport.com\/wp-content\/uploads\/2022\/09\/ROSAL-GREY-WALL.jpg\" class=\"attachment-full size-full wp-post-image\" alt=\"\" srcset=\"https:\/\/cmataexport.com\/wp-content\/uploads\/2022\/09\/ROSAL-GREY-WALL.jpg 440w, https:\/\/cmataexport.com\/wp-content\/uploads\/2022\/09\/ROSAL-GREY-WALL-300x235.jpg 300w\" sizes=\"auto, (max-width: 440px) 100vw, 440px\" \/><\/figure><div class=\"featured-image-desc\"><span><a href=\"https:\/\/cmataexport.com\/en\/catalogo\/rosal-grey\/\"><i class=\"fa fa-plus\"><\/i><\/a><\/span><div class=\"feature-inner-block\"><h3 class=\"feature-title-wrap\"><a href=\"https:\/\/cmataexport.com\/en\/catalogo\/rosal-grey\/\">Rosal Grey<\/a><\/h3><h4 class=\"feature-desc-wrap\">APPARENT DENSITY 2436 KG\/M3 WATER ABSORPTION (%) 1.80% OPEN POROSITY (%) 4.40% FLEXURAL STRENGTH 6.3MPA COMPRESSION RESISTANCE 55MPA ABRASION RESITANCE [&hellip;]<\/h4><\/div><\/div><\/div><div class=\"tg-feature-product-widget element-item uxdesign tg-column-4 portfolio \" data-category=\"portfolio \"><figure><img loading=\"lazy\" decoding=\"async\" width=\"410\" height=\"375\" src=\"https:\/\/cmataexport.com\/wp-content\/uploads\/2024\/02\/Moca-grey-Moca-blue-lake.png\" class=\"attachment-full size-full\" alt=\"\" srcset=\"https:\/\/cmataexport.com\/wp-content\/uploads\/2024\/02\/Moca-grey-Moca-blue-lake.png 410w, https:\/\/cmataexport.com\/wp-content\/uploads\/2024\/02\/Moca-grey-Moca-blue-lake-300x274.png 300w\" sizes=\"auto, (max-width: 410px) 100vw, 410px\" \/><\/figure><div class=\"featured-image-desc\"><span><a href=\"https:\/\/cmataexport.com\/en\/catalogo\/moca-grey\/\"><i class=\"fa fa-plus\"><\/i><\/a><\/span><div class=\"feature-inner-block\"><h3 class=\"feature-title-wrap\"><a href=\"https:\/\/cmataexport.com\/en\/catalogo\/moca-grey\/\">Moca Blue lake<\/a><\/h3><h4 class=\"feature-desc-wrap\">APPARENT DENSITY 2436 KG\/M3 WATER ABSORPTION (%) 1.80% OPEN POROSITY (%) 4.40% FLEXURAL STRENGTH 6.3MPA COMPRESSION RESISTANCE 55MPA ABRASION RESITANCE [&hellip;]<\/h4><\/div><\/div><\/div><\/div><!-- \/.tg-column-wrapper--><\/div><!-- \/.grid --><\/div><!-- \/.tg-container --><\/div><!-- \/.layout div --><\/div><\/div><\/div><\/div><\/div><div id=\"pg-1060-4\"  class=\"panel-grid panel-has-style\" ><div class=\"siteorigin-panels-stretch panel-row-style panel-row-style-for-1060-4\" data-siteorigin-parallax=\"{&quot;backgroundUrl&quot;:&quot;https:\\\/\\\/cmataexport.com\\\/wp-content\\\/uploads\\\/2017\\\/01\\\/CALL-TO-ACTION-1.jpg&quot;,&quot;backgroundSize&quot;:[1920,1000],&quot;backgroundSizing&quot;:&quot;scaled&quot;,&quot;limitMotion&quot;:&quot;auto&quot;}\" data-stretch-type=\"full\" ><div id=\"pgc-1060-4-0\"  class=\"panel-grid-cell panel-grid-cell-empty\" ><\/div><\/div><\/div><div id=\"pg-1060-5\"  class=\"panel-grid panel-has-style\" ><div class=\"siteorigin-panels-stretch panel-row-style panel-row-style-for-1060-5\" data-stretch-type=\"full\" ><div id=\"pgc-1060-5-0\"  class=\"panel-grid-cell\" ><div id=\"panel-1060-5-0-0\" class=\"so-panel widget widget_themegrill_flash_heading tg-widget section-title-wrapper panel-first-child\" data-index=\"10\" >\t<h3 class=\"section-title\">QUEM SOMOS<\/h3>\n<\/div><div id=\"panel-1060-5-0-1\" class=\"so-panel widget widget_themegrill_flash_testimonial tg-section testimonial-section panel-last-child\" data-index=\"11\" ><div class=\"tg-testimonial-widget\">\n\t<div class=\"testimonial-container swiper-container\">\n\t\t<div class=\"testimonial-wrapper swiper-wrapper\">\n\t\t\t\t\t\t<div class=\"testimonial-slide swiper-slide\">\n\t\t\t\t<div class=\"testimonial-content-wrapper\">\n\t\t\t\t\t<div class=\"testimonial-icon\"><i class=\"fa fa-quote-left\"><\/i> <\/div>\n\t\t\t\t\t\t\t\t\t\t<div class=\"testimonial-content\">C. MATA EXPORT-M\u00c1RMORES E GRANITOS, LDA \u00c9 UMA CONCEITUADA Empresa DO SETOR DAS ROCHAS ORNAMENTAIS, CONSIDERADA L\u00cdDER DE MERCADO NA TRANSFORMA\u00c7\u00c3O E COMERCIALIZA\u00c7\u00c3O DE PEDRA NATURAL, H\u00c1 MAIS DE 40 ANOS.Atualmente a mesma pertence \u00e0 M\u00e1rmores Rosal lda,\nCOM PEDREIRAS PR\u00d3PRIAS EM MOCA CREME,\n Rosal Cabe\u00e7a Veada e outros calc\u00e1rios.\n<\/div>\n\t\t\t\t\t\t\t\t\t<\/div>\n\t\t\t\t<div class=\"testimonial-client-detail\">\n\t\t\t\t\t\t\t\t\t\t<div class=\"testimonial-img\"><img decoding=\"async\" src=\"http:\/\/cmataexport.com\/\/wp-content\/uploads\/2022\/07\/photo-1-1000x1000-1.jpg\" alt=\"\" \/><\/div>\n\t\t\t\t\t\t\t\t\t\t<div class=\"client-detail-block\">\n\t\t\t\t\t\t\t\t\t\t\t\t\t\t\t\t\t<\/div>\n\t\t\t\t<\/div>\n\t\t\t<\/div>\n\t\t\t\t\t\t<div class=\"testimonial-slide swiper-slide\">\n\t\t\t\t<div class=\"testimonial-content-wrapper\">\n\t\t\t\t\t<div class=\"testimonial-icon\"><i class=\"fa fa-quote-left\"><\/i> <\/div>\n\t\t\t\t\t\t\t\t\t\t<div class=\"testimonial-content\">A ATIVIDADE de ambas Empresas estende-se da EXTRA\u00c7\u00c3O de BLOCOS DE PEDRA destinados \u00e0s sua F\u00e1bricas de TRANSFORMA\u00c7\u00c3O E COMERCIALIZA\u00c7\u00c3O de CHAPA, ladrilho e outros produtos destinados a projetos de constru\u00e7\u00e3o. A NOSSA MISS\u00c3O \u00c9 TRANSFORMAR A IND\u00daSTRIA DA PEDRA, UTILIZANDO a melhor tecnologia com respeito pelo meio ambiente e ASSIM servir os nossos clientes com profissionalismo, compet\u00eancia e efic\u00e1cia, fornecendo produtos de excel\u00eancia que incrementem os seus neg\u00f3cios.<\/div>\n\t\t\t\t\t\t\t\t\t<\/div>\n\t\t\t\t<div class=\"testimonial-client-detail\">\n\t\t\t\t\t\t\t\t\t\t<div class=\"testimonial-img\"><img decoding=\"async\" src=\"http:\/\/cmataexport.com\/\/wp-content\/uploads\/2022\/07\/photo-2-1000x1000-1.jpg\" alt=\"\" \/><\/div>\n\t\t\t\t\t\t\t\t\t\t<div class=\"client-detail-block\">\n\t\t\t\t\t\t\t\t\t\t\t\t\t\t\t\t\t<\/div>\n\t\t\t\t<\/div>\n\t\t\t<\/div>\n\t\t\t\t\t<\/div>\n\t\t<div class=\"swiper-pagination testimonial-pager\"><\/div>\n\t<\/div>\n<\/div>\n<\/div><\/div><\/div><\/div><div id=\"pg-1060-6\"  class=\"panel-grid panel-has-style\" ><div class=\"panel-row-style panel-row-style-for-1060-6\" ><div id=\"pgc-1060-6-0\"  class=\"panel-grid-cell panel-grid-cell-empty\" ><\/div><\/div><\/div><div id=\"pg-1060-7\"  class=\"panel-grid panel-has-style\" ><div class=\"siteorigin-panels-stretch panel-row-style panel-row-style-for-1060-7\" data-stretch-type=\"full\" ><div id=\"pgc-1060-7-0\"  class=\"panel-grid-cell\" ><div id=\"panel-1060-7-0-0\" class=\"so-panel widget widget_themegrill_flash_cta tg-widget call-to-action-section panel-first-child panel-last-child\" data-index=\"12\" ><div class=\"panel-widget-style panel-widget-style-for-1060-7-0-0\" ><div class=\"cta-wrapper call-to-action-section-layout-1\">\n\t<div class=\"section-title-wrapper\">\n\t\t\t\t<h3 class=\"section-title\">Caso esteja interessado no nosso trabalho, n\u00e3o hesite em vizualizar o nosso cat\u00e1logo em formato PDF!<\/h3>\n\t\t\t<\/div>\n\t\t<div class=\"btn-wrapper\">\n\t\t\t\t<a class=\"btn\" href=\"http:\/\/cmataexport.com\/\/wp-content\/uploads\/2022\/07\/CatalogoEN.pdf\">Download<\/a>\n\t\t\t\t\t<\/div>\n\t<\/div>\n<\/div><\/div><\/div><\/div><\/div><div id=\"pg-1060-8\"  class=\"panel-grid panel-no-style\" ><div id=\"pgc-1060-8-0\"  class=\"panel-grid-cell panel-grid-cell-empty\" ><\/div><\/div><div id=\"pg-1060-9\"  class=\"panel-grid panel-has-style\" ><div class=\"panel-row-style panel-row-style-for-1060-9\" ><div id=\"pgc-1060-9-0\"  class=\"panel-grid-cell\" ><div id=\"panel-1060-9-0-0\" class=\"so-panel widget widget_themegrill_flash_heading tg-widget section-title-wrapper panel-first-child\" data-index=\"13\" >\t<h3 class=\"section-title\">Vinculado com<\/h3>\n<\/div><div id=\"panel-1060-9-0-1\" class=\"so-panel widget widget_media_image panel-last-child\" data-index=\"14\" ><img loading=\"lazy\" decoding=\"async\" width=\"160\" height=\"51\" src=\"https:\/\/cmataexport.com\/wp-content\/uploads\/2022\/07\/logos_MarmoresRosal-01.png\" class=\"image wp-image-938  attachment-160x51 size-160x51\" alt=\"\" style=\"max-width: 100%; height: auto;\" \/><\/div><\/div><\/div><\/div><\/div>","protected":false},"excerpt":{"rendered":"","protected":false},"author":1,"featured_media":0,"parent":0,"menu_order":0,"comment_status":"closed","ping_status":"closed","template":"page-templates\/full-width.php","meta":{"_vp_format_video_url":"","_vp_image_focal_point":[],"footnotes":""},"class_list":["post-1060","page","type-page","status-publish","hentry"],"translation":{"provider":"WPGlobus","version":"3.0.1","language":"en","enabled_languages":["pt","es","en"],"languages":{"pt":{"title":true,"content":true,"excerpt":false},"es":{"title":false,"content":false,"excerpt":false},"en":{"title":false,"content":false,"excerpt":false}}},"_links":{"self":[{"href":"https:\/\/cmataexport.com\/en\/wp-json\/wp\/v2\/pages\/1060","targetHints":{"allow":["GET"]}}],"collection":[{"href":"https:\/\/cmataexport.com\/en\/wp-json\/wp\/v2\/pages"}],"about":[{"href":"https:\/\/cmataexport.com\/en\/wp-json\/wp\/v2\/types\/page"}],"author":[{"embeddable":true,"href":"https:\/\/cmataexport.com\/en\/wp-json\/wp\/v2\/users\/1"}],"replies":[{"embeddable":true,"href":"https:\/\/cmataexport.com\/en\/wp-json\/wp\/v2\/comments?post=1060"}],"version-history":[{"count":37,"href":"https:\/\/cmataexport.com\/en\/wp-json\/wp\/v2\/pages\/1060\/revisions"}],"predecessor-version":[{"id":2436,"href":"https:\/\/cmataexport.com\/en\/wp-json\/wp\/v2\/pages\/1060\/revisions\/2436"}],"wp:attachment":[{"href":"https:\/\/cmataexport.com\/en\/wp-json\/wp\/v2\/media?parent=1060"}],"curies":[{"name":"wp","href":"https:\/\/api.w.org\/{rel}","templated":true}]}}