{"id":3,"date":"2022-07-15T12:45:14","date_gmt":"2022-07-15T12:45:14","guid":{"rendered":"http:\/\/176.78.29.235\/wordpress\/?page_id=3"},"modified":"2023-11-21T21:52:31","modified_gmt":"2023-11-21T21:52:31","slug":"privacy-policy","status":"publish","type":"page","link":"https:\/\/cmataexport.com\/es\/privacy-policy\/","title":{"rendered":"POL\u00cdTICA DE CALIDAD"},"content":{"rendered":"\n<p><img loading=\"lazy\" decoding=\"async\" width=\"150\" height=\"117\" class=\"wp-image-2197\" style=\"width: 150px;\" src=\"http:\/\/cmataexport.com\/wp-content\/uploads\/2023\/11\/cropped-logo-png-cmata.png\" alt=\"\" srcset=\"https:\/\/cmataexport.com\/wp-content\/uploads\/2023\/11\/cropped-logo-png-cmata.png 1494w, https:\/\/cmataexport.com\/wp-content\/uploads\/2023\/11\/cropped-logo-png-cmata-300x233.png 300w, https:\/\/cmataexport.com\/wp-content\/uploads\/2023\/11\/cropped-logo-png-cmata-1024x796.png 1024w, https:\/\/cmataexport.com\/wp-content\/uploads\/2023\/11\/cropped-logo-png-cmata-768x597.png 768w, https:\/\/cmataexport.com\/wp-content\/uploads\/2023\/11\/cropped-logo-png-cmata-500x389.png 500w, https:\/\/cmataexport.com\/wp-content\/uploads\/2023\/11\/cropped-logo-png-cmata-800x622.png 800w, https:\/\/cmataexport.com\/wp-content\/uploads\/2023\/11\/cropped-logo-png-cmata-1280x995.png 1280w\" sizes=\"auto, (max-width: 150px) 100vw, 150px\" \/><br>POL\u00cdTICA DE CALIDAD, MISI\u00d3N Y VALORES<br>PC<br>Rev.: 00<br>Fecha: 28\/02\/2023<\/p>\n\n\n\n<p>MISI\u00d3N<br>La misi\u00f3n de C. Mata Export es transformar la piedra, utilizando la mejor tecnolog\u00eda con<br>respeto por el medio ambiente y as\u00ed servir a los clientes con profesionalismo, competencia y<br>eficiencia, proporcionando productos excelentes que mejoren sus negocios.<\/p>\n\n\n\n<p>VISI\u00d3N<br>C. Mata Export tiene como objetivo establecerse en su \u00e1rea de negocios, ganar cuota de<br>mercado y ser reconocida como una empresa sin\u00f3nimo de calidad, con un fuerte enfoque en<br>los clientes, socios y su campo de actividad.<\/p>\n\n\n\n<p>POL\u00cdTICA DE CALIDAD<br>La visi\u00f3n de C. Mata Export sobre la Calidad se basa esencialmente en los siguientes puntos:<\/p>\n\n\n\n<p>Satisfacci\u00f3n del cliente: Satisfacer las necesidades de los clientes proporcionando<br>productos de calidad y ofreciendo un servicio que cumpla con sus expectativas, con el fin de establecer una relaci\u00f3n de confianza y lealtad.<br>Desarrollo organizacional: Mejorar continuamente sus procesos, productos y<br>servicios para alcanzar eficientemente sus objetivos, mejorando as\u00ed la efectividad<br>de su Sistema de Gesti\u00f3n de Calidad.<br>Desarrollo de Recursos Humanos: Realizar actividades de capacitaci\u00f3n para<br>dotar a los empleados de los conocimientos necesarios para un desempe\u00f1o efectivo y,<br>por lo tanto, lograr satisfacci\u00f3n personal y profesional, manteniendo un equipo estable y motivado.<br>Calidad en el producto producido: La transformaci\u00f3n de piedra se lleva a cabo rigurosamente,<br>cumpliendo con los requisitos legales y regulatorios aplicables a los productos y satisfaciendo los requisitos<br>de los clientes.<br>Desarrollar alianzas para garantizar la innovaci\u00f3n del producto;<br>Desarrollar alianzas con proveedores para cumplir con los objetivos internos.<br>La Administraci\u00f3n se compromete a hacer cumplir la pol\u00edtica actual proporcionando<br>los recursos necesarios para su implementaci\u00f3n.<\/p>\n\n\n\n<p>Administraci\u00f3n 28\/02\/2023<br>____________________________________<\/p>\n","protected":false},"excerpt":{"rendered":"<p>POL\u00cdTICA DE CALIDAD, MISI\u00d3N Y VALORESPCRev.: 00Fecha: 28\/02\/2023 MISI\u00d3NLa misi\u00f3n de C. Mata Export es transformar la piedra, utilizando la [&hellip;]<\/p>\n","protected":false},"author":1,"featured_media":0,"parent":0,"menu_order":0,"comment_status":"closed","ping_status":"open","template":"","meta":{"_vp_format_video_url":"","_vp_image_focal_point":[],"footnotes":""},"class_list":["post-3","page","type-page","status-publish","hentry"],"translation":{"provider":"WPGlobus","version":"3.0.1","language":"es","enabled_languages":["pt","es","en"],"languages":{"pt":{"title":true,"content":true,"excerpt":false},"es":{"title":true,"content":true,"excerpt":false},"en":{"title":true,"content":true,"excerpt":false}}},"_links":{"self":[{"href":"https:\/\/cmataexport.com\/es\/wp-json\/wp\/v2\/pages\/3","targetHints":{"allow":["GET"]}}],"collection":[{"href":"https:\/\/cmataexport.com\/es\/wp-json\/wp\/v2\/pages"}],"about":[{"href":"https:\/\/cmataexport.com\/es\/wp-json\/wp\/v2\/types\/page"}],"author":[{"embeddable":true,"href":"https:\/\/cmataexport.com\/es\/wp-json\/wp\/v2\/users\/1"}],"replies":[{"embeddable":true,"href":"https:\/\/cmataexport.com\/es\/wp-json\/wp\/v2\/comments?post=3"}],"version-history":[{"count":4,"href":"https:\/\/cmataexport.com\/es\/wp-json\/wp\/v2\/pages\/3\/revisions"}],"predecessor-version":[{"id":2207,"href":"https:\/\/cmataexport.com\/es\/wp-json\/wp\/v2\/pages\/3\/revisions\/2207"}],"wp:attachment":[{"href":"https:\/\/cmataexport.com\/es\/wp-json\/wp\/v2\/media?parent=3"}],"curies":[{"name":"wp","href":"https:\/\/api.w.org\/{rel}","templated":true}]}}